{"id":12,"date":"2022-05-30T12:55:25","date_gmt":"2022-05-30T12:55:25","guid":{"rendered":"https:\/\/dramstad.art\/?page_id=12"},"modified":"2022-06-14T09:06:15","modified_gmt":"2022-06-14T09:06:15","slug":"refund_returns","status":"publish","type":"page","link":"https:\/\/dramstad.art\/nb\/refund_returns\/","title":{"rendered":"Refusjon og retur"},"content":{"rendered":"<p>V\u00e5re refusjonsregler gjelder i 30 dager. Dersom 30 dager har passert siden handelen kan vi ikke refundere kj\u00f8pet.<\/p>\n\n\n\n<p>For \u00e5 ha rett til \u00e5 refundere kj\u00f8pet m\u00e5 kunstverket og eventuelt ramme v\u00e6re i samme stand som det ble mottatt. Original eske og embalasje m\u00e5 ogs\u00e5 f\u00f8lge en eventuell retur.<\/p>\n\n\n\n<p>For at vi skal kunne behandle en retur av varer, m\u00e5 kj\u00f8pet dokumenteres med kopi av kj\u00f8pskvittering.<\/p>\n\n\n\n<p>I enkelte situasjoner vil ingen eller bare delvis refusjon innvilges:<\/p>\n\n\n\n<ul class=\"wp-block-list\"><li>Varer som ikke er i original stand, er \u00f8delagt eller mangler deler av forsendelsen, desom dette ikke er v\u00e5r feil.<\/li><li>Varer som ikke returneres innenfor fristen p\u00e5 30 dager.<\/li><\/ul>\n\n\n\n<div class=\"wp-block-file\"><a id=\"wp-block-file--media-79e86de8-8363-4bb7-824c-f734c97020d7\" href=\"https:\/\/dramstad.art\/wp-content\/uploads\/2022\/06\/Skjema-for-opplysning-om-angrerett-Dag-Arild-Dramstad.pdf\">Skjema for opplysning om angrerett &#8211; Dag Arild Dramstad<\/a><a href=\"https:\/\/dramstad.art\/wp-content\/uploads\/2022\/06\/Skjema-for-opplysning-om-angrerett-Dag-Arild-Dramstad.pdf\" class=\"wp-block-file__button\" download aria-describedby=\"wp-block-file--media-79e86de8-8363-4bb7-824c-f734c97020d7\">Download<\/a><\/div>\n\n\n\n<div class=\"wp-block-file\"><a id=\"wp-block-file--media-50631f29-acd3-43e4-85c0-42c8b2032e23\" href=\"https:\/\/dramstad.art\/wp-content\/uploads\/2022\/06\/Angreskjema-2022-Dag-Arild-Dramstad.pdf\">Angreskjema  &#8211; Dag Arild Dramstad<\/a><a href=\"https:\/\/dramstad.art\/wp-content\/uploads\/2022\/06\/Angreskjema-2022-Dag-Arild-Dramstad.pdf\" class=\"wp-block-file__button\" download aria-describedby=\"wp-block-file--media-50631f29-acd3-43e4-85c0-42c8b2032e23\">Download<\/a><\/div>\n\n\n<h2>Refusjoner<\/h2>\n\n\n<p>N\u00e5r returnert vare er mottatt og inspisert av oss vil vi sende en epost og informere om at vi har mottatt den returnerte varen. Vi vil ogs\u00e5 meddele om varen tilfredsstiller kriteriene for refusjon.<\/p>\n\n\n\n<p>Dersom refusjon er godkjent vil vi tilbakef\u00f8re avtalt bel\u00f8p til betalingskortet som ble benyttet til handelen. Denne prosessen vil normalt ta noen virkedager.<\/p>\n\n\n\n<p><b>Sen eller manglende tilbakebetaling<\/b><\/p>\n\n\n\n<p>Hvis du ikke har mottatt det avtalte refusjonsbel\u00f8pet, sjekk bankutskrift f\u00f8rst.<\/p>\n\n\n\n<p>Kontakt s\u00e5 kortutsteder, da det kan ta tid f\u00f8r mottatt refusjon vises i din bankutskrift.<\/p>\n\n\n\n<p>Kontakt eventuelt s\u00e5 din bank. Det er ofte lang prosesseringstid f\u00f8r innbetalte bel\u00f8p er tilgjengelige p\u00e5 konto.<\/p>\n\n\n\n<p>Dersom du har gjort alt ovenfor og fortsatt ikke har mottatt reusjonsbel\u00f8pet, v\u00e6r vennlig \u00e5 kontakte oss p\u00e5 <a href=\"mailto:support@dagarilddramstad.com\">support@dagarilddramstad.com<\/a>.<\/p>\n\n\n\n<p><\/p>\n\n\n<h2>Bytte<\/h2>\n<p>B\u00e5de signerte gicl\u00e9e print og originale verker er unike og kan ikke byttes i annen kunst. Dersom du velger \u00e5 returnere en vare vil denne behandles etter kriteriene for refusjon. <\/p>\n\n\n<p>  <\/p>\n\n\n<h2>Retur av varer<\/h2>\n<p>For \u00e5 returnere din vare, vennligst send forsendelsen til:<\/p>\n<pre>Dag Arild Dramstad<br><br>Ljansbakken 8<br><br>1169 Oslo<br><br>Norge<br><br><br><\/pre>\n\n\n<p>Du er ansvarlig for \u00e5 betale for retur av varer. Kostnader ved returfrakt blir ikke dekket av oss. Dersom du oppfyller vilk\u00e5r for refusjon vil eventuelle udekkede omkostninger tilknyttet returfraken bli trukket fra refusjonsbel\u00f8pet.<\/p>\n\n\n\n<p>Du b\u00f8r vurdere \u00e5 sende returen som en sporbar forsendelse eller forsikre forsendelsen. Vi kan ikke garantere at vi mottar varer som sendes.<\/p>\n\n\n<h2>Trenger du hjelp?<\/h2>\n\n\n<p>Kontakt oss p\u00e5 <a href=\"mailto:support@dagarilddramstad.com\" data-type=\"mailto\" data-id=\"mailto:support@dagarilddramstad.com\">support@dagarilddramstad.com<\/a> for sp\u00f8rsm\u00e5l relatert til refusjon og vareretur.<\/p>\n\n\n\n<div style=\"height:100px\" aria-hidden=\"true\" class=\"wp-block-spacer\"><\/div>","protected":false},"excerpt":{"rendered":"<p>Our refund and returns policy lasts 30 days. If 30 days have passed since your purchase, we can\u2019t offer you a full refund. To be eligible for a return, the artwork must be in the same condition that you received it. It must also be in the original packaging. To complete your return, we require&hellip;&nbsp;<a href=\"https:\/\/dramstad.art\/nb\/refund_returns\/\" rel=\"bookmark\">Les mer &raquo;<span class=\"screen-reader-text\">Refusjon og retur<\/span><\/a><\/p>","protected":false},"author":1,"featured_media":0,"parent":0,"menu_order":0,"comment_status":"closed","ping_status":"closed","template":"","meta":{"neve_meta_sidebar":"","neve_meta_container":"","neve_meta_enable_content_width":"","neve_meta_content_width":0,"neve_meta_title_alignment":"","neve_meta_author_avatar":"","neve_post_elements_order":"","neve_meta_disable_header":"","neve_meta_disable_footer":"","neve_meta_disable_title":"","_themeisle_gutenberg_block_has_review":false,"footnotes":""},"class_list":["post-12","page","type-page","status-publish","hentry"],"_links":{"self":[{"href":"https:\/\/dramstad.art\/nb\/wp-json\/wp\/v2\/pages\/12","targetHints":{"allow":["GET"]}}],"collection":[{"href":"https:\/\/dramstad.art\/nb\/wp-json\/wp\/v2\/pages"}],"about":[{"href":"https:\/\/dramstad.art\/nb\/wp-json\/wp\/v2\/types\/page"}],"author":[{"embeddable":true,"href":"https:\/\/dramstad.art\/nb\/wp-json\/wp\/v2\/users\/1"}],"replies":[{"embeddable":true,"href":"https:\/\/dramstad.art\/nb\/wp-json\/wp\/v2\/comments?post=12"}],"version-history":[{"count":8,"href":"https:\/\/dramstad.art\/nb\/wp-json\/wp\/v2\/pages\/12\/revisions"}],"predecessor-version":[{"id":920,"href":"https:\/\/dramstad.art\/nb\/wp-json\/wp\/v2\/pages\/12\/revisions\/920"}],"wp:attachment":[{"href":"https:\/\/dramstad.art\/nb\/wp-json\/wp\/v2\/media?parent=12"}],"curies":[{"name":"wp","href":"https:\/\/api.w.org\/{rel}","templated":true}]}}